{"id":2240,"date":"2024-09-26T12:25:37","date_gmt":"2024-09-26T09:25:37","guid":{"rendered":"https:\/\/chs.com.tr\/product-groups\/commercial-produst\/filter-assistants\/kizelgur\/"},"modified":"2025-03-04T12:49:48","modified_gmt":"2025-03-04T09:49:48","slug":"diatomaceous-earth","status":"publish","type":"page","link":"https:\/\/chs.com.tr\/en\/product-groups\/commercial-product\/filter-aids\/diatomaceous-earth\/","title":{"rendered":"Diatomaceous Earth"},"content":{"rendered":"\t\t<div data-elementor-type=\"wp-page\" data-elementor-id=\"2240\" class=\"elementor elementor-2240 elementor-132\" data-elementor-post-type=\"page\">\n\t\t\t\t<div class=\"elementor-element elementor-element-6a28d7f e-flex e-con-boxed e-con e-parent\" data-id=\"6a28d7f\" data-element_type=\"container\" data-e-type=\"container\">\n\t\t\t\t\t<div class=\"e-con-inner\">\n\t\t\t\t<div class=\"elementor-element elementor-element-c294f0e elementor-widget elementor-widget-heading\" data-id=\"c294f0e\" data-element_type=\"widget\" data-e-type=\"widget\" data-widget_type=\"heading.default\">\n\t\t\t\t<div class=\"elementor-widget-container\">\n\t\t\t\t\t<h2 class=\"elementor-heading-title elementor-size-default\">Diatomaceous Earth<\/h2>\t\t\t\t<\/div>\n\t\t\t\t<\/div>\n\t\t\t\t<div class=\"elementor-element elementor-element-cc6546e elementor-widget elementor-widget-text-editor\" data-id=\"cc6546e\" data-element_type=\"widget\" data-e-type=\"widget\" data-widget_type=\"text-editor.default\">\n\t\t\t\t<div class=\"elementor-widget-container\">\n\t\t\t\t\t\t\t\t\t<p>Diatomite; is a mineral that is formed by the fossilization of single-celled microscopic algae called diatoms and contains plenty of silica. It has a wide range of uses from filtration to filling material.<\/p><p>It is an excellent filtration material, especially with its amorphous and porous structure. Due to its inert feature due to its high silica content, it does not interact chemically with the filtered products and does not deteriorate the product properties.<\/p><p>Our diatomite is a highly porous white (flux calcined DE) or pink (calcined DE) powder, which is marketed under the trade name Clarcel\u00ae.<\/p><p>Our filter aid products are highly efficient with porosity conducive to excellent clarification and low-compressibility cakes for longer filtration cycles.<\/p><p><strong>Applications<\/strong><\/p><ul><li>As filter-aid in the filtration of sugar syrups (glucose, fructose and beet sugar),<\/li><li>Alcoholic (wine, beer) and non-alcoholic beverage filtration,<\/li><li>Automotive and metallurgy for the filtration of metalworking fluids, such as cutting and rolling oils.<\/li><li>In vegetable oil filtration,<\/li><li>As functional mineral additives in many applications that include paint and coatings, the plastics industry and in paper manufacture.<\/li><\/ul>\t\t\t\t\t\t\t\t<\/div>\n\t\t\t\t<\/div>\n\t\t\t\t<div class=\"elementor-element elementor-element-78c110e elementor-widget elementor-widget-gallery\" data-id=\"78c110e\" data-element_type=\"widget\" data-e-type=\"widget\" data-settings=\"{&quot;columns&quot;:3,&quot;lazyload&quot;:&quot;yes&quot;,&quot;gallery_layout&quot;:&quot;grid&quot;,&quot;columns_tablet&quot;:2,&quot;columns_mobile&quot;:1,&quot;gap&quot;:{&quot;unit&quot;:&quot;px&quot;,&quot;size&quot;:10,&quot;sizes&quot;:[]},&quot;gap_tablet&quot;:{&quot;unit&quot;:&quot;px&quot;,&quot;size&quot;:10,&quot;sizes&quot;:[]},&quot;gap_mobile&quot;:{&quot;unit&quot;:&quot;px&quot;,&quot;size&quot;:10,&quot;sizes&quot;:[]},&quot;link_to&quot;:&quot;file&quot;,&quot;aspect_ratio&quot;:&quot;3:2&quot;,&quot;overlay_background&quot;:&quot;yes&quot;,&quot;content_hover_animation&quot;:&quot;fade-in&quot;}\" data-widget_type=\"gallery.default\">\n\t\t\t\t<div class=\"elementor-widget-container\">\n\t\t\t\t\t\t\t<div class=\"elementor-gallery__container\">\n\t\t\t\t\t\t\t<a class=\"e-gallery-item elementor-gallery-item elementor-animated-content\" href=\"https:\/\/chs.com.tr\/wp-content\/uploads\/2024\/10\/CHS-ticari_urunler-Filtre_Yardimcilari-Aktif_Toprak.webp\" data-elementor-open-lightbox=\"yes\" data-elementor-lightbox-slideshow=\"78c110e\" data-elementor-lightbox-title=\"CHS-ticari_\u00fcr\u00fcnler-Filtre_Yard\u0131mc\u0131lar\u0131-Aktif_Toprak\" data-e-action-hash=\"#elementor-action%3Aaction%3Dlightbox%26settings%3DeyJpZCI6ODUyLCJ1cmwiOiJodHRwczpcL1wvY2hzLmNvbS50clwvd3AtY29udGVudFwvdXBsb2Fkc1wvMjAyNFwvMTBcL0NIUy10aWNhcmlfdXJ1bmxlci1GaWx0cmVfWWFyZGltY2lsYXJpLUFrdGlmX1RvcHJhay53ZWJwIiwic2xpZGVzaG93IjoiNzhjMTEwZSJ9\">\n\t\t\t\t\t<div class=\"e-gallery-image elementor-gallery-item__image\" data-thumbnail=\"https:\/\/chs.com.tr\/wp-content\/uploads\/2024\/10\/CHS-ticari_urunler-Filtre_Yardimcilari-Aktif_Toprak.webp\" data-width=\"1920\" data-height=\"1280\" aria-label=\"\" role=\"img\" ><\/div>\n\t\t\t\t\t\t\t\t\t\t\t<div class=\"elementor-gallery-item__overlay\"><\/div>\n\t\t\t\t\t\t\t\t\t\t\t\t\t\t<\/a>\n\t\t\t\t\t\t\t<a class=\"e-gallery-item elementor-gallery-item elementor-animated-content\" href=\"https:\/\/chs.com.tr\/wp-content\/uploads\/2024\/10\/CHS-ticari_urunler-Filtre_Yardimcilari-Aktif_Toprak2.webp\" data-elementor-open-lightbox=\"yes\" data-elementor-lightbox-slideshow=\"78c110e\" data-elementor-lightbox-title=\"CHS-ticari_\u00fcr\u00fcnler-Filtre_Yard\u0131mc\u0131lar\u0131-Aktif_Toprak2\" data-e-action-hash=\"#elementor-action%3Aaction%3Dlightbox%26settings%3DeyJpZCI6ODUxLCJ1cmwiOiJodHRwczpcL1wvY2hzLmNvbS50clwvd3AtY29udGVudFwvdXBsb2Fkc1wvMjAyNFwvMTBcL0NIUy10aWNhcmlfdXJ1bmxlci1GaWx0cmVfWWFyZGltY2lsYXJpLUFrdGlmX1RvcHJhazIud2VicCIsInNsaWRlc2hvdyI6Ijc4YzExMGUifQ%3D%3D\">\n\t\t\t\t\t<div class=\"e-gallery-image elementor-gallery-item__image\" data-thumbnail=\"https:\/\/chs.com.tr\/wp-content\/uploads\/2024\/10\/CHS-ticari_urunler-Filtre_Yardimcilari-Aktif_Toprak2.webp\" data-width=\"720\" data-height=\"1080\" aria-label=\"\" role=\"img\" ><\/div>\n\t\t\t\t\t\t\t\t\t\t\t<div class=\"elementor-gallery-item__overlay\"><\/div>\n\t\t\t\t\t\t\t\t\t\t\t\t\t\t<\/a>\n\t\t\t\t\t\t\t<a class=\"e-gallery-item elementor-gallery-item elementor-animated-content\" href=\"https:\/\/chs.com.tr\/wp-content\/uploads\/2024\/10\/CHS-ticari_urunler-Filtre_Yardimcilari-Aktif_Toprak3.webp\" data-elementor-open-lightbox=\"yes\" data-elementor-lightbox-slideshow=\"78c110e\" data-elementor-lightbox-title=\"CHS-ticari_urunler-Filtre_Yardimcilari-Aktif_Toprak3\" data-e-action-hash=\"#elementor-action%3Aaction%3Dlightbox%26settings%3DeyJpZCI6MTQ1MCwidXJsIjoiaHR0cHM6XC9cL2Nocy5jb20udHJcL3dwLWNvbnRlbnRcL3VwbG9hZHNcLzIwMjRcLzEwXC9DSFMtdGljYXJpX3VydW5sZXItRmlsdHJlX1lhcmRpbWNpbGFyaS1Ba3RpZl9Ub3ByYWszLndlYnAiLCJzbGlkZXNob3ciOiI3OGMxMTBlIn0%3D\">\n\t\t\t\t\t<div class=\"e-gallery-image elementor-gallery-item__image\" data-thumbnail=\"https:\/\/chs.com.tr\/wp-content\/uploads\/2024\/10\/CHS-ticari_urunler-Filtre_Yardimcilari-Aktif_Toprak3.webp\" data-width=\"1920\" data-height=\"1280\" aria-label=\"\" role=\"img\" ><\/div>\n\t\t\t\t\t\t\t\t\t\t\t<div class=\"elementor-gallery-item__overlay\"><\/div>\n\t\t\t\t\t\t\t\t\t\t\t\t\t\t<\/a>\n\t\t\t\t\t<\/div>\n\t\t\t\t\t<\/div>\n\t\t\t\t<\/div>\n\t\t\t\t\t<\/div>\n\t\t\t\t<\/div>\n\t\t\t\t<\/div>\n\t\t","protected":false},"excerpt":{"rendered":"<p>Composed of diatom fossils, Activated Earth (Kieselguhr) is widely used for filtration in sugar syrups, beverages, edible oils, and industrial oils due to its excellent filtration properties. With its high silica content, it maintains an inert structure, ensuring the purity of the filtered products.<\/p>\n","protected":false},"author":4,"featured_media":2057,"parent":2238,"menu_order":0,"comment_status":"closed","ping_status":"closed","template":"","meta":{"footnotes":""},"categories":[60,58],"tags":[],"class_list":["post-2240","page","type-page","status-publish","has-post-thumbnail","hentry","category-filtre-yardimcilari-en","category-tu-sayfasi-en"],"_links":{"self":[{"href":"https:\/\/chs.com.tr\/en\/wp-json\/wp\/v2\/pages\/2240","targetHints":{"allow":["GET"]}}],"collection":[{"href":"https:\/\/chs.com.tr\/en\/wp-json\/wp\/v2\/pages"}],"about":[{"href":"https:\/\/chs.com.tr\/en\/wp-json\/wp\/v2\/types\/page"}],"author":[{"embeddable":true,"href":"https:\/\/chs.com.tr\/en\/wp-json\/wp\/v2\/users\/4"}],"replies":[{"embeddable":true,"href":"https:\/\/chs.com.tr\/en\/wp-json\/wp\/v2\/comments?post=2240"}],"version-history":[{"count":8,"href":"https:\/\/chs.com.tr\/en\/wp-json\/wp\/v2\/pages\/2240\/revisions"}],"predecessor-version":[{"id":2636,"href":"https:\/\/chs.com.tr\/en\/wp-json\/wp\/v2\/pages\/2240\/revisions\/2636"}],"up":[{"embeddable":true,"href":"https:\/\/chs.com.tr\/en\/wp-json\/wp\/v2\/pages\/2238"}],"wp:featuredmedia":[{"embeddable":true,"href":"https:\/\/chs.com.tr\/en\/wp-json\/wp\/v2\/media\/2057"}],"wp:attachment":[{"href":"https:\/\/chs.com.tr\/en\/wp-json\/wp\/v2\/media?parent=2240"}],"wp:term":[{"taxonomy":"category","embeddable":true,"href":"https:\/\/chs.com.tr\/en\/wp-json\/wp\/v2\/categories?post=2240"},{"taxonomy":"post_tag","embeddable":true,"href":"https:\/\/chs.com.tr\/en\/wp-json\/wp\/v2\/tags?post=2240"}],"curies":[{"name":"wp","href":"https:\/\/api.w.org\/{rel}","templated":true}]}}