{"id":2385,"date":"2024-09-26T17:49:49","date_gmt":"2024-09-26T14:49:49","guid":{"rendered":"https:\/\/chs.com.tr\/product-groups\/production\/endustriyel-kimyasallar\/sodyum-dioktil-sulfo-suksinat\/"},"modified":"2025-03-03T16:41:48","modified_gmt":"2025-03-03T13:41:48","slug":"sodium-dioctyl-sulfosuccinate","status":"publish","type":"page","link":"https:\/\/chs.com.tr\/en\/product-groups\/production\/industrial-chemicals\/sodium-dioctyl-sulfosuccinate\/","title":{"rendered":"Sodium Dioctyl Sulfosuccinate"},"content":{"rendered":"\t\t<div data-elementor-type=\"wp-page\" data-elementor-id=\"2385\" class=\"elementor elementor-2385 elementor-356\" data-elementor-post-type=\"page\">\n\t\t\t\t<div class=\"elementor-element elementor-element-6a28d7f e-flex e-con-boxed e-con e-parent\" data-id=\"6a28d7f\" data-element_type=\"container\" data-e-type=\"container\">\n\t\t\t\t\t<div class=\"e-con-inner\">\n\t\t\t\t<div class=\"elementor-element elementor-element-c294f0e elementor-widget elementor-widget-heading\" data-id=\"c294f0e\" data-element_type=\"widget\" data-e-type=\"widget\" data-widget_type=\"heading.default\">\n\t\t\t\t<div class=\"elementor-widget-container\">\n\t\t\t\t\t<h2 class=\"elementor-heading-title elementor-size-default\">Sodium Dioctyl Sulfosuccinate<\/h2>\t\t\t\t<\/div>\n\t\t\t\t<\/div>\n\t\t\t\t<div class=\"elementor-element elementor-element-cc6546e elementor-widget elementor-widget-text-editor\" data-id=\"cc6546e\" data-element_type=\"widget\" data-e-type=\"widget\" data-widget_type=\"text-editor.default\">\n\t\t\t\t<div class=\"elementor-widget-container\">\n\t\t\t\t\t\t\t\t\t<p><strong>OLEXSOL SS-75 Sodium Dioctyl Sulfosuccinate<\/strong> is widely used in the textile industry for dyeing, finishing, and pre-treatment as a rapid wetting agent.<\/p>\n<p>Strong emulsifying and wetting properties. By reducing surface and interfacial tension, it is ideal for applications requiring quick wetting.For thick fabrics such as leather and gabardine, it wets approximately 3 times faster (3-4 seconds) compared to regular wetting agents.<\/p>\n<p>Eco-friendly <strong>OLEXSOL SS-75<\/strong> is fully removable through washing. Exhibits high wetting ability in both cold and hot water and demonstrates resistance to hard water, electrolytes, reducing agents, and oxidizing agents.<\/p>\n<p>Additionally, it is effective in agricultural applications, forming a film layer on plant leaves, ensuring prolonged pesticide distribution during spraying processes.<\/p>\n<p><strong>Applications<\/strong><\/p>\n<ul>\n<li>Textile applications (dyeing, finishing, pre-treatment)<\/li>\n<li>Agricultural applications (protection of green leafy plants, pesticide spraying)<\/li>\n<li>Various chemical applications<\/li>\n<\/ul>\t\t\t\t\t\t\t\t<\/div>\n\t\t\t\t<\/div>\n\t\t\t\t<div class=\"elementor-element elementor-element-1044ca0 elementor-widget elementor-widget-gallery\" data-id=\"1044ca0\" data-element_type=\"widget\" data-e-type=\"widget\" data-settings=\"{&quot;columns&quot;:2,&quot;lazyload&quot;:&quot;yes&quot;,&quot;gallery_layout&quot;:&quot;grid&quot;,&quot;columns_tablet&quot;:2,&quot;columns_mobile&quot;:1,&quot;gap&quot;:{&quot;unit&quot;:&quot;px&quot;,&quot;size&quot;:10,&quot;sizes&quot;:[]},&quot;gap_tablet&quot;:{&quot;unit&quot;:&quot;px&quot;,&quot;size&quot;:10,&quot;sizes&quot;:[]},&quot;gap_mobile&quot;:{&quot;unit&quot;:&quot;px&quot;,&quot;size&quot;:10,&quot;sizes&quot;:[]},&quot;link_to&quot;:&quot;file&quot;,&quot;aspect_ratio&quot;:&quot;3:2&quot;,&quot;overlay_background&quot;:&quot;yes&quot;,&quot;content_hover_animation&quot;:&quot;fade-in&quot;}\" data-widget_type=\"gallery.default\">\n\t\t\t\t<div class=\"elementor-widget-container\">\n\t\t\t\t\t\t\t<div class=\"elementor-gallery__container\">\n\t\t\t\t\t\t\t<a class=\"e-gallery-item elementor-gallery-item elementor-animated-content\" href=\"https:\/\/chs.com.tr\/wp-content\/uploads\/2024\/10\/CHS-uretim_urunleri-Endustriyel_Kimyasallar-Sodyum_Dioktil_Sulfo_Suksinat.webp\" data-elementor-open-lightbox=\"yes\" data-elementor-lightbox-slideshow=\"1044ca0\" data-elementor-lightbox-title=\"CHS-\u00fcretim_\u00fcr\u00fcnleri-End\u00fcstriyel_Kimyasallar-Sodyum_Dioktil_S\u00fclfo_S\u00fcksinat\" data-e-action-hash=\"#elementor-action%3Aaction%3Dlightbox%26settings%3DeyJpZCI6MTA1OCwidXJsIjoiaHR0cHM6XC9cL2Nocy5jb20udHJcL3dwLWNvbnRlbnRcL3VwbG9hZHNcLzIwMjRcLzEwXC9DSFMtdXJldGltX3VydW5sZXJpLUVuZHVzdHJpeWVsX0tpbXlhc2FsbGFyLVNvZHl1bV9EaW9rdGlsX1N1bGZvX1N1a3NpbmF0LndlYnAiLCJzbGlkZXNob3ciOiIxMDQ0Y2EwIn0%3D\">\n\t\t\t\t\t<div class=\"e-gallery-image elementor-gallery-item__image\" data-thumbnail=\"https:\/\/chs.com.tr\/wp-content\/uploads\/2024\/10\/CHS-uretim_urunleri-Endustriyel_Kimyasallar-Sodyum_Dioktil_Sulfo_Suksinat.webp\" data-width=\"1920\" data-height=\"1280\" aria-label=\"\" role=\"img\" ><\/div>\n\t\t\t\t\t\t\t\t\t\t\t<div class=\"elementor-gallery-item__overlay\"><\/div>\n\t\t\t\t\t\t\t\t\t\t\t\t\t\t<\/a>\n\t\t\t\t\t\t\t<a class=\"e-gallery-item elementor-gallery-item elementor-animated-content\" href=\"https:\/\/chs.com.tr\/wp-content\/uploads\/2024\/10\/CHS-uretim_urunleri-Endustriyel_Kimyasallar-Sodyum_Dioktil_Sulfo_Suksinat2.webp\" data-elementor-open-lightbox=\"yes\" data-elementor-lightbox-slideshow=\"1044ca0\" data-elementor-lightbox-title=\"CHS-\u00fcretim_\u00fcr\u00fcnleri-End\u00fcstriyel_Kimyasallar-Sodyum_Dioktil_S\u00fclfo_S\u00fcksinat2\" data-e-action-hash=\"#elementor-action%3Aaction%3Dlightbox%26settings%3DeyJpZCI6MTA1OSwidXJsIjoiaHR0cHM6XC9cL2Nocy5jb20udHJcL3dwLWNvbnRlbnRcL3VwbG9hZHNcLzIwMjRcLzEwXC9DSFMtdXJldGltX3VydW5sZXJpLUVuZHVzdHJpeWVsX0tpbXlhc2FsbGFyLVNvZHl1bV9EaW9rdGlsX1N1bGZvX1N1a3NpbmF0Mi53ZWJwIiwic2xpZGVzaG93IjoiMTA0NGNhMCJ9\">\n\t\t\t\t\t<div class=\"e-gallery-image elementor-gallery-item__image\" data-thumbnail=\"https:\/\/chs.com.tr\/wp-content\/uploads\/2024\/10\/CHS-uretim_urunleri-Endustriyel_Kimyasallar-Sodyum_Dioktil_Sulfo_Suksinat2.webp\" data-width=\"1920\" data-height=\"1280\" aria-label=\"\" role=\"img\" ><\/div>\n\t\t\t\t\t\t\t\t\t\t\t<div class=\"elementor-gallery-item__overlay\"><\/div>\n\t\t\t\t\t\t\t\t\t\t\t\t\t\t<\/a>\n\t\t\t\t\t<\/div>\n\t\t\t\t\t<\/div>\n\t\t\t\t<\/div>\n\t\t\t\t\t<\/div>\n\t\t\t\t<\/div>\n\t\t\t\t<\/div>\n\t\t","protected":false},"excerpt":{"rendered":"<p>Sodium Dioctyl Sulfosuccinate is used as a rapid wetting agent in the textile industry and is preferred in various industrial applications due to its environmentally friendly properties.<\/p>\n","protected":false},"author":4,"featured_media":2092,"parent":2383,"menu_order":0,"comment_status":"closed","ping_status":"closed","template":"","meta":{"footnotes":""},"categories":[70,71],"tags":[],"class_list":["post-2385","page","type-page","status-publish","has-post-thumbnail","hentry","category-endustriyel-kimyasallar-en","category-uu-sayfasi-en"],"_links":{"self":[{"href":"https:\/\/chs.com.tr\/en\/wp-json\/wp\/v2\/pages\/2385","targetHints":{"allow":["GET"]}}],"collection":[{"href":"https:\/\/chs.com.tr\/en\/wp-json\/wp\/v2\/pages"}],"about":[{"href":"https:\/\/chs.com.tr\/en\/wp-json\/wp\/v2\/types\/page"}],"author":[{"embeddable":true,"href":"https:\/\/chs.com.tr\/en\/wp-json\/wp\/v2\/users\/4"}],"replies":[{"embeddable":true,"href":"https:\/\/chs.com.tr\/en\/wp-json\/wp\/v2\/comments?post=2385"}],"version-history":[{"count":5,"href":"https:\/\/chs.com.tr\/en\/wp-json\/wp\/v2\/pages\/2385\/revisions"}],"predecessor-version":[{"id":2624,"href":"https:\/\/chs.com.tr\/en\/wp-json\/wp\/v2\/pages\/2385\/revisions\/2624"}],"up":[{"embeddable":true,"href":"https:\/\/chs.com.tr\/en\/wp-json\/wp\/v2\/pages\/2383"}],"wp:featuredmedia":[{"embeddable":true,"href":"https:\/\/chs.com.tr\/en\/wp-json\/wp\/v2\/media\/2092"}],"wp:attachment":[{"href":"https:\/\/chs.com.tr\/en\/wp-json\/wp\/v2\/media?parent=2385"}],"wp:term":[{"taxonomy":"category","embeddable":true,"href":"https:\/\/chs.com.tr\/en\/wp-json\/wp\/v2\/categories?post=2385"},{"taxonomy":"post_tag","embeddable":true,"href":"https:\/\/chs.com.tr\/en\/wp-json\/wp\/v2\/tags?post=2385"}],"curies":[{"name":"wp","href":"https:\/\/api.w.org\/{rel}","templated":true}]}}