{"id":2397,"date":"2024-09-26T17:49:10","date_gmt":"2024-09-26T14:49:10","guid":{"rendered":"https:\/\/chs.com.tr\/product-groups\/production\/endustriyel-kimyasallar\/epokside-soya-yagi\/"},"modified":"2025-03-03T16:41:41","modified_gmt":"2025-03-03T13:41:41","slug":"epoxidized-soybean-oil-esbo","status":"publish","type":"page","link":"https:\/\/chs.com.tr\/en\/product-groups\/production\/industrial-chemicals\/epoxidized-soybean-oil-esbo\/","title":{"rendered":"Epoxidized Soybean Oil (ESBO)"},"content":{"rendered":"\t\t<div data-elementor-type=\"wp-page\" data-elementor-id=\"2397\" class=\"elementor elementor-2397 elementor-354\" data-elementor-post-type=\"page\">\n\t\t\t\t<div class=\"elementor-element elementor-element-6a28d7f e-flex e-con-boxed e-con e-parent\" data-id=\"6a28d7f\" data-element_type=\"container\" data-e-type=\"container\">\n\t\t\t\t\t<div class=\"e-con-inner\">\n\t\t\t\t<div class=\"elementor-element elementor-element-c294f0e elementor-widget elementor-widget-heading\" data-id=\"c294f0e\" data-element_type=\"widget\" data-e-type=\"widget\" data-widget_type=\"heading.default\">\n\t\t\t\t<div class=\"elementor-widget-container\">\n\t\t\t\t\t<h2 class=\"elementor-heading-title elementor-size-default\">Epoxidized Soybean Oil (ESBO)<\/h2>\t\t\t\t<\/div>\n\t\t\t\t<\/div>\n\t\t\t\t<div class=\"elementor-element elementor-element-cc6546e elementor-widget elementor-widget-text-editor\" data-id=\"cc6546e\" data-element_type=\"widget\" data-e-type=\"widget\" data-widget_type=\"text-editor.default\">\n\t\t\t\t<div class=\"elementor-widget-container\">\n\t\t\t\t\t\t\t\t\t<p><strong>OLEXSOL ESB Epoxidized Soybean Oil<\/strong> is used as an auxiliary stabilizer and\/or<br \/>secondary plasticizer in flexible, rigid, and other PVC processes.<\/p>\n<p>It is highly compatible with PVC, synthetic resins, and other plasticizers due to its superior stabilizing properties.<\/p>\n<p>Eco-friendly <strong>OLEXSOL ESB<\/strong> enhances the heat and light resistance of PVC products and boosts the e\udbc0\uddaficiency of other heat and light stabilizers. By absorbing HCl, it protects the product against external factors.<\/p>\n<p>Its compatibility with PVC resin provides migration resistance. Food compliance and heavy metal tests have been successfully completed.<\/p>\n<p>For more detailed information: <a href=\"http:\/\/www.epoksidesoyayagi.com\" target=\"_blank\" rel=\"noopener\">www.epoksidesoyayagi.com<\/a><\/p>\n<p><strong>Applications<\/strong><\/p>\n<ul>\n<li>PVC granule applications (rigid and flexible)<\/li>\n<li>PVC gaskets, pipes, hoses<\/li>\n<li>PVC insulation materials (membranes, water-stopping tapes, shingles, etc.)<\/li>\n<li>PVC cables<\/li>\n<li>PVC edge bands<\/li>\n<li>PVC tablecloths<\/li>\n<li>PVC packaging (food packaging)<\/li>\n<li>Wall panels, cable ducts, curtain rails<\/li>\n<li>Artificial leather<\/li>\n<li>Toys<\/li>\n<li>Furniture and surface coatings, varnishes<\/li>\n<li>Concrete additives, mortars<\/li>\n<li>Other industrial applications<\/li>\n<\/ul>\t\t\t\t\t\t\t\t<\/div>\n\t\t\t\t<\/div>\n\t\t\t\t<div class=\"elementor-element elementor-element-76ebbc9 elementor-widget elementor-widget-gallery\" data-id=\"76ebbc9\" data-element_type=\"widget\" data-e-type=\"widget\" data-settings=\"{&quot;columns&quot;:2,&quot;lazyload&quot;:&quot;yes&quot;,&quot;gallery_layout&quot;:&quot;grid&quot;,&quot;columns_tablet&quot;:2,&quot;columns_mobile&quot;:1,&quot;gap&quot;:{&quot;unit&quot;:&quot;px&quot;,&quot;size&quot;:10,&quot;sizes&quot;:[]},&quot;gap_tablet&quot;:{&quot;unit&quot;:&quot;px&quot;,&quot;size&quot;:10,&quot;sizes&quot;:[]},&quot;gap_mobile&quot;:{&quot;unit&quot;:&quot;px&quot;,&quot;size&quot;:10,&quot;sizes&quot;:[]},&quot;link_to&quot;:&quot;file&quot;,&quot;aspect_ratio&quot;:&quot;3:2&quot;,&quot;overlay_background&quot;:&quot;yes&quot;,&quot;content_hover_animation&quot;:&quot;fade-in&quot;}\" data-widget_type=\"gallery.default\">\n\t\t\t\t<div class=\"elementor-widget-container\">\n\t\t\t\t\t\t\t<div class=\"elementor-gallery__container\">\n\t\t\t\t\t\t\t<a class=\"e-gallery-item elementor-gallery-item elementor-animated-content\" href=\"https:\/\/chs.com.tr\/wp-content\/uploads\/2024\/10\/CHS-uretim_urunleri-Endustriyel_Kimyasallar-Epokside-_Soya_Yagi2.webp\" data-elementor-open-lightbox=\"yes\" data-elementor-lightbox-slideshow=\"76ebbc9\" data-elementor-lightbox-title=\"CHS-\u00fcretim_\u00fcr\u00fcnleri-End\u00fcstriyel_Kimyasallar-Epokside _Soya_Ya\u011f\u01312\" data-e-action-hash=\"#elementor-action%3Aaction%3Dlightbox%26settings%3DeyJpZCI6MTAzMywidXJsIjoiaHR0cHM6XC9cL2Nocy5jb20udHJcL3dwLWNvbnRlbnRcL3VwbG9hZHNcLzIwMjRcLzEwXC9DSFMtdXJldGltX3VydW5sZXJpLUVuZHVzdHJpeWVsX0tpbXlhc2FsbGFyLUVwb2tzaWRlLV9Tb3lhX1lhZ2kyLndlYnAiLCJzbGlkZXNob3ciOiI3NmViYmM5In0%3D\">\n\t\t\t\t\t<div class=\"e-gallery-image elementor-gallery-item__image\" data-thumbnail=\"https:\/\/chs.com.tr\/wp-content\/uploads\/2024\/10\/CHS-uretim_urunleri-Endustriyel_Kimyasallar-Epokside-_Soya_Yagi2.webp\" data-width=\"1920\" data-height=\"1280\" aria-label=\"\" role=\"img\" ><\/div>\n\t\t\t\t\t\t\t\t\t\t\t<div class=\"elementor-gallery-item__overlay\"><\/div>\n\t\t\t\t\t\t\t\t\t\t\t\t\t\t<\/a>\n\t\t\t\t\t\t\t<a class=\"e-gallery-item elementor-gallery-item elementor-animated-content\" href=\"https:\/\/chs.com.tr\/wp-content\/uploads\/2024\/10\/CHS-uretim_urunleri-Endustriyel_Kimyasallar-Epokside-_Soya_Yagi.webp\" data-elementor-open-lightbox=\"yes\" data-elementor-lightbox-slideshow=\"76ebbc9\" data-elementor-lightbox-title=\"CHS-\u00fcretim_\u00fcr\u00fcnleri-End\u00fcstriyel_Kimyasallar-Epokside _Soya_Ya\u011f\u0131\" data-e-action-hash=\"#elementor-action%3Aaction%3Dlightbox%26settings%3DeyJpZCI6MTAzNCwidXJsIjoiaHR0cHM6XC9cL2Nocy5jb20udHJcL3dwLWNvbnRlbnRcL3VwbG9hZHNcLzIwMjRcLzEwXC9DSFMtdXJldGltX3VydW5sZXJpLUVuZHVzdHJpeWVsX0tpbXlhc2FsbGFyLUVwb2tzaWRlLV9Tb3lhX1lhZ2kud2VicCIsInNsaWRlc2hvdyI6Ijc2ZWJiYzkifQ%3D%3D\">\n\t\t\t\t\t<div class=\"e-gallery-image elementor-gallery-item__image\" data-thumbnail=\"https:\/\/chs.com.tr\/wp-content\/uploads\/2024\/10\/CHS-uretim_urunleri-Endustriyel_Kimyasallar-Epokside-_Soya_Yagi.webp\" data-width=\"1920\" data-height=\"1280\" aria-label=\"\" role=\"img\" ><\/div>\n\t\t\t\t\t\t\t\t\t\t\t<div class=\"elementor-gallery-item__overlay\"><\/div>\n\t\t\t\t\t\t\t\t\t\t\t\t\t\t<\/a>\n\t\t\t\t\t\t\t<a class=\"e-gallery-item elementor-gallery-item elementor-animated-content\" href=\"https:\/\/chs.com.tr\/wp-content\/uploads\/2024\/10\/CHS-uretim_urunleri-Endustriyel_Kimyasallar-Epokside-_Soya_Yagi3.webp\" data-elementor-open-lightbox=\"yes\" data-elementor-lightbox-slideshow=\"76ebbc9\" data-elementor-lightbox-title=\"CHS-\u00fcretim_\u00fcr\u00fcnleri-End\u00fcstriyel_Kimyasallar-Epokside _Soya_Ya\u011f\u01313\" data-e-action-hash=\"#elementor-action%3Aaction%3Dlightbox%26settings%3DeyJpZCI6MTAzOSwidXJsIjoiaHR0cHM6XC9cL2Nocy5jb20udHJcL3dwLWNvbnRlbnRcL3VwbG9hZHNcLzIwMjRcLzEwXC9DSFMtdXJldGltX3VydW5sZXJpLUVuZHVzdHJpeWVsX0tpbXlhc2FsbGFyLUVwb2tzaWRlLV9Tb3lhX1lhZ2kzLndlYnAiLCJzbGlkZXNob3ciOiI3NmViYmM5In0%3D\">\n\t\t\t\t\t<div class=\"e-gallery-image elementor-gallery-item__image\" data-thumbnail=\"https:\/\/chs.com.tr\/wp-content\/uploads\/2024\/10\/CHS-uretim_urunleri-Endustriyel_Kimyasallar-Epokside-_Soya_Yagi3.webp\" data-width=\"1920\" data-height=\"1280\" aria-label=\"\" role=\"img\" ><\/div>\n\t\t\t\t\t\t\t\t\t\t\t<div class=\"elementor-gallery-item__overlay\"><\/div>\n\t\t\t\t\t\t\t\t\t\t\t\t\t\t<\/a>\n\t\t\t\t\t\t\t<a class=\"e-gallery-item elementor-gallery-item elementor-animated-content\" href=\"https:\/\/chs.com.tr\/wp-content\/uploads\/2024\/10\/CHS-uretim_urunleri-Endustriyel_Kimyasallar-Epokside-_Soya_Yagi4.webp\" data-elementor-open-lightbox=\"yes\" data-elementor-lightbox-slideshow=\"76ebbc9\" data-elementor-lightbox-title=\"CHS-\u00fcretim_\u00fcr\u00fcnleri-End\u00fcstriyel_Kimyasallar-Epokside _Soya_Ya\u011f\u01314\" data-e-action-hash=\"#elementor-action%3Aaction%3Dlightbox%26settings%3DeyJpZCI6MTAzOCwidXJsIjoiaHR0cHM6XC9cL2Nocy5jb20udHJcL3dwLWNvbnRlbnRcL3VwbG9hZHNcLzIwMjRcLzEwXC9DSFMtdXJldGltX3VydW5sZXJpLUVuZHVzdHJpeWVsX0tpbXlhc2FsbGFyLUVwb2tzaWRlLV9Tb3lhX1lhZ2k0LndlYnAiLCJzbGlkZXNob3ciOiI3NmViYmM5In0%3D\">\n\t\t\t\t\t<div class=\"e-gallery-image elementor-gallery-item__image\" data-thumbnail=\"https:\/\/chs.com.tr\/wp-content\/uploads\/2024\/10\/CHS-uretim_urunleri-Endustriyel_Kimyasallar-Epokside-_Soya_Yagi4.webp\" data-width=\"1920\" data-height=\"1280\" aria-label=\"\" role=\"img\" ><\/div>\n\t\t\t\t\t\t\t\t\t\t\t<div class=\"elementor-gallery-item__overlay\"><\/div>\n\t\t\t\t\t\t\t\t\t\t\t\t\t\t<\/a>\n\t\t\t\t\t<\/div>\n\t\t\t\t\t<\/div>\n\t\t\t\t<\/div>\n\t\t\t\t\t<\/div>\n\t\t\t\t<\/div>\n\t\t\t\t<\/div>\n\t\t","protected":false},"excerpt":{"rendered":"<p>Epoxidized Soybean Oil provides stabilization in PVC products and enhances heat and light resistance. Its eco-friendly nature makes it suitable for applications such as PVC cables, packaging, and synthetic leather.<\/p>\n","protected":false},"author":4,"featured_media":2089,"parent":2383,"menu_order":0,"comment_status":"closed","ping_status":"closed","template":"","meta":{"footnotes":""},"categories":[70,71],"tags":[],"class_list":["post-2397","page","type-page","status-publish","has-post-thumbnail","hentry","category-endustriyel-kimyasallar-en","category-uu-sayfasi-en"],"_links":{"self":[{"href":"https:\/\/chs.com.tr\/en\/wp-json\/wp\/v2\/pages\/2397","targetHints":{"allow":["GET"]}}],"collection":[{"href":"https:\/\/chs.com.tr\/en\/wp-json\/wp\/v2\/pages"}],"about":[{"href":"https:\/\/chs.com.tr\/en\/wp-json\/wp\/v2\/types\/page"}],"author":[{"embeddable":true,"href":"https:\/\/chs.com.tr\/en\/wp-json\/wp\/v2\/users\/4"}],"replies":[{"embeddable":true,"href":"https:\/\/chs.com.tr\/en\/wp-json\/wp\/v2\/comments?post=2397"}],"version-history":[{"count":5,"href":"https:\/\/chs.com.tr\/en\/wp-json\/wp\/v2\/pages\/2397\/revisions"}],"predecessor-version":[{"id":2623,"href":"https:\/\/chs.com.tr\/en\/wp-json\/wp\/v2\/pages\/2397\/revisions\/2623"}],"up":[{"embeddable":true,"href":"https:\/\/chs.com.tr\/en\/wp-json\/wp\/v2\/pages\/2383"}],"wp:featuredmedia":[{"embeddable":true,"href":"https:\/\/chs.com.tr\/en\/wp-json\/wp\/v2\/media\/2089"}],"wp:attachment":[{"href":"https:\/\/chs.com.tr\/en\/wp-json\/wp\/v2\/media?parent=2397"}],"wp:term":[{"taxonomy":"category","embeddable":true,"href":"https:\/\/chs.com.tr\/en\/wp-json\/wp\/v2\/categories?post=2397"},{"taxonomy":"post_tag","embeddable":true,"href":"https:\/\/chs.com.tr\/en\/wp-json\/wp\/v2\/tags?post=2397"}],"curies":[{"name":"wp","href":"https:\/\/api.w.org\/{rel}","templated":true}]}}